{"id":62,"date":"2018-05-29T12:01:02","date_gmt":"2018-05-29T10:01:02","guid":{"rendered":"https:\/\/www.lalimetiere.fr\/?page_id=62"},"modified":"2018-07-26T22:48:40","modified_gmt":"2018-07-26T20:48:40","slug":"protection-des-donnees","status":"publish","type":"page","link":"https:\/\/www.lalimetiere.fr\/en\/protection-des-donnees\/","title":{"rendered":"Personal data policy (GPDR)"},"content":{"rendered":"<p><\/p>\n<h1>Personal data policy (GPDR)<\/h1>\n<div class=\"moitie\">\n<h3>Qui sommes-nous ?<\/h3>\n<p>Domaine de la Limeti\u00e8re<br \/>\n37370 NEUVY LE ROI<br \/>\nFRANCE<br \/>\nN\u00b0 Siret : 828 897 165 00019<br \/>\nCode APE : 6820B.<br \/>\nSite internet : <a href=\"https:\/\/www.lalimetiere.fr\">www.lalimetiere.fr<\/a><\/p>\n<h3>Utilisation des donn\u00e9es personnelles collect\u00e9es<\/h3>\n<p>Lors de votre visite sur ce site internet, vous pouvez \u00eatre amen\u00e9\u00b7e \u00e0 nous communiquer volontairement des donn\u00e9es personnelles, notamment via le formulaire de contact : Nom, Pr\u00e9nom, Email, T\u00e9l\u00e9phone et Adresse. Nous utilisons ces donn\u00e9es uniquement au sein du Domaine de la Limeti\u00e8re, afin de vous contacter et de traiter vos demandes. Vous \u00eates inform\u00e9\u00b7e et vous validez manuellement la collecte de vos donn\u00e9es personnelles en cochant une case d\u00e9di\u00e9e dans chaque formulaire, sans quoi vos donn\u00e9es ne peuvent nous \u00eatre transmises. <strong>Les informations que vous nous transmettez ne feront jamais l&#8217;objet d&#8217;une utilisation commerciale<\/strong> en dehors de la relation client \u00e9tablie \u00e0 votre demande.<\/p>\n<h3>Cookies et statistiques<\/h3>\n<p>Le pr\u00e9sent site internet utilise des marqueurs, appel\u00e9s cookies, g\u00e9r\u00e9s par la plateforme Google Analytics, qui s&#8217;enregistrent via votre navigateur internet et <strong>communiquent de fa\u00e7on anonyme des informations<\/strong> de votre navigation sur le site, du type : pages visit\u00e9es, dur\u00e9es de visite, support utilis\u00e9 (ordinateur, tablette, smartphone&#8230;), adresse IP, provenance (recherche internet, r\u00e9seaux sociaux, sites externes&#8230;), ou encore origine g\u00e9ographique (r\u00e9gion). Vous pouvez vous opposer \u00e0 la collecte de ces informations anonymes via le bouton &#8220;Refuser&#8221; qui s&#8217;affiche dans le bandeau d&#8217;information cookies en bas de la page \u00e0 l&#8217;ouverture du site.<br \/>\n<a href=\"https:\/\/support.google.com\/analytics\/answer\/6004245?hl=fr\" target=\"blank\">> Consulter la politique de confidentialit\u00e9 de Google Analytics<\/a>.<\/p>\n<h3>Utilisation et transmission de vos donn\u00e9es personnelles<\/h3>\n<p>Les donn\u00e9es personnelles et les informations anonymes que le Domaine de la Limeti\u00e8re et Google Analytics stockent ne sont en aucun cas partag\u00e9es ou diffus\u00e9es \u00e0 des prestataires ou entreprises externes aux deux soci\u00e9t\u00e9s cit\u00e9es.\n<\/p><\/div>\n<div class=\"moitie\">\n<h3>Dur\u00e9es de stockage de vos donn\u00e9es<\/h3>\n<p>Les donn\u00e9es personnelles que vous communiquez ne sont pas stock\u00e9es sur la base de donn\u00e9es du site internet et seront supprim\u00e9es au plus tard un an apr\u00e8s la fin de la derni\u00e8re relation client que vous avez entretenue avec le Domaine de la Limeti\u00e8re. Notre prestataire d&#8217;h\u00e9bergement OVH, dont les serveurs sont situ\u00e9s en France M\u00e9tropolitaine, stocke les emails transmis via le formulaire de contact du site internet, afin que le Domaine de la Limeti\u00e8re puisse consulter les messages que vous envoyez. Aucune donn\u00e9e personnelle n&#8217;est stock\u00e9e sur le pr\u00e9sent site internet et la plateforme utilis\u00e9e (WordPress). Les cookies (informations anonymes) sont stock\u00e9s pour une dur\u00e9e d&#8217;un mois sur votre navigateur.<\/p>\n<h3>Les droits que vous avez sur vos donn\u00e9es<\/h3>\n<p>Si vous avez transmis des donn\u00e9es personnelles au Domaine de la Limeti\u00e8re, vous pouvez demander \u00e0 recevoir un fichier contenant toutes les donn\u00e9es personnelles que l&#8217;entreprise poss\u00e8de \u00e0 votre sujet. Vous pouvez \u00e9galement demander la suppression des donn\u00e9es personnelles vous concernant. Cela ne prend pas en compte les donn\u00e9es stock\u00e9es \u00e0 des fins administratives, l\u00e9gales ou pour des raisons de s\u00e9curit\u00e9.<\/p>\n<h3>Informations de contact<\/h3>\n<p>Pour toute demande d&#8217;information sur vos donn\u00e9es personnelles, merci de <a href=\"https:\/\/www.lalimetiere.fr\/contact-reservation\/\">nous \u00e9crire<\/a>.<\/p>\n<h3>Comment nous prot\u00e9geons vos donn\u00e9es<\/h3>\n<p>Seule la responsable du Domaine de la Limeti\u00e8re, Mme Camille Legrand, a acc\u00e8s aux messages que vous transmettez \u00e0 l&#8217;entreprise. En tant que responsable des traitements des donn\u00e9es, elle veillera \u00e0 s\u00e9curiser au maximum vos informations : stockage des emails re\u00e7u via le formulaire de contact sur le serveur OVH (IMAP) pour une dur\u00e9e d&#8217;un mois maximum, consultation des messages via un protocole s\u00e9curis\u00e9 (SSL) et archivage de ces derniers sur un poste unique (POP).<\/p>\n<h3>Proc\u00e9dures mises en \u0153uvre en cas de fuite de donn\u00e9es<\/h3>\n<p>En cas de piratage informatique, de faille de s\u00e9curit\u00e9 ou tout autre probl\u00e8me entrainant une fuite des donn\u00e9es personnelles stock\u00e9es par le Domaine de la Limeti\u00e8re, l&#8217;entreprise veillera \u00e0 en informer dans les plus brefs d\u00e9lais les clients concern\u00e9s par email.\n<\/p><\/div>\n<p><\/p>","protected":false},"excerpt":{"rendered":"<p>Personal data policy (GPDR) Qui sommes-nous ? Domaine de la Limeti\u00e8re 37370 NEUVY LE ROI FRANCE N\u00b0 Siret : 828 897 165 00019 Code APE : 6820B. Site internet :&hellip;<\/p>\n","protected":false},"author":1,"featured_media":0,"parent":0,"menu_order":0,"comment_status":"closed","ping_status":"closed","template":"template-full-width.php","meta":{"footnotes":""},"class_list":["post-62","page","type-page","status-publish","hentry"],"aioseo_notices":[],"_links":{"self":[{"href":"https:\/\/www.lalimetiere.fr\/en\/wp-json\/wp\/v2\/pages\/62","targetHints":{"allow":["GET"]}}],"collection":[{"href":"https:\/\/www.lalimetiere.fr\/en\/wp-json\/wp\/v2\/pages"}],"about":[{"href":"https:\/\/www.lalimetiere.fr\/en\/wp-json\/wp\/v2\/types\/page"}],"author":[{"embeddable":true,"href":"https:\/\/www.lalimetiere.fr\/en\/wp-json\/wp\/v2\/users\/1"}],"replies":[{"embeddable":true,"href":"https:\/\/www.lalimetiere.fr\/en\/wp-json\/wp\/v2\/comments?post=62"}],"version-history":[{"count":8,"href":"https:\/\/www.lalimetiere.fr\/en\/wp-json\/wp\/v2\/pages\/62\/revisions"}],"predecessor-version":[{"id":639,"href":"https:\/\/www.lalimetiere.fr\/en\/wp-json\/wp\/v2\/pages\/62\/revisions\/639"}],"wp:attachment":[{"href":"https:\/\/www.lalimetiere.fr\/en\/wp-json\/wp\/v2\/media?parent=62"}],"curies":[{"name":"wp","href":"https:\/\/api.w.org\/{rel}","templated":true}]}}